{"id":15,"date":"2025-04-10T05:46:22","date_gmt":"2025-04-10T05:46:22","guid":{"rendered":"https:\/\/ffora.symforma.design\/?page_id=15"},"modified":"2026-04-03T16:50:53","modified_gmt":"2026-04-03T14:50:53","slug":"home","status":"publish","type":"page","link":"https:\/\/ffora.org\/fr\/","title":{"rendered":"Accueil"},"content":{"rendered":"<section class=\"bde-section-15-100 bde-section\">\n              \n  \n  \n\t\n\n  <div class=\"section-background-overlay\"><\/div>\n\n\n<div class=\"section-container\"><div class=\"bde-text-15-103 bde-text\">\nFondation pour les organisations paysannes et l'action r\u00e9g\u00e9n\u00e9ratrice\n<\/div><h1 class=\"bde-heading-15-105 bde-heading\">\nFFORA\n<\/h1><div class=\"bde-button-15-104 bde-button\">\n    \n                                    \n    \n    \n    \n    \n            \n                    \n            \n            \n\n    \n    \n    \n    \n    \n    <a class=\"breakdance-link button-atom button-atom--primary bde-button__button\" href=\"#more\" target=\"_self\" data-type=\"url\"  >\n\n    \n        <span class=\"button-atom__text\">en savoir plus<\/span>\n\n        \n        \n                <\/a>\n\n    \n\n\n<\/div><\/div>\n<\/section><section id=\"more\" class=\"bde-section-15-106 bde-section\">\n  \n  \n\t\n\n\n\n<div class=\"section-container\"><div class=\"bde-text-15-122 bde-text\">\nSeulement 0,3 % des financements internationaux consacr\u00e9s au climat sont destin\u00e9s aux agriculteurs familiaux et aux peuples autochtones, qui pourtant produisent un tiers de la nourriture mondiale. De plus, ils jouent un r\u00f4le essentiel dans la conservation de la biodiversit\u00e9, la restauration des \u00e9cosyst\u00e8mes, ainsi que l'adaptation au changement climatique et l'att\u00e9nuation de ses effets. <br><br>Les organisations paysannes et les populations autochtones doivent b\u00e9n\u00e9ficier d'un m\u00e9canisme financier flexible et r\u00e9actif. Les fonds doivent \u00eatre con\u00e7us et accessibles par les agriculteurs et les populations autochtones  eux-m\u00eames, afin de canaliser les investissements vers des syst\u00e8mes agricoles r\u00e9silients face au climat, notamment en ce qui concerne les esp\u00e8ces d'arbres et de cultures sous-exploit\u00e9es.<br><br>FFORA, h\u00e9berg\u00e9e par la Swiss Philanthropy Foundation, fournit un soutien technique et financier aux organisations paysannes et de populations autochtones et les aide \u00e0 trouver des investissements.   <br><br>\n<\/div><div class=\"bde-div-15-119 bde-div\">\n  \n  \n\t\n\n\n\n<div class=\"bde-div-15-110 bde-div\">\n  \n  \n\t\n\n\n\n<h2 class=\"bde-heading-15-107 bde-heading\">\nNotre vision\n<\/h2><div class=\"bde-rich-text-15-109 bde-rich-text breakdance-rich-text-styles\">\n<p><strong>Un nouveau mod\u00e8le de politiques, de fonds et d'investissements en mati\u00e8re de climat et d'agriculture<\/strong> avec une augmentation des flux financiers publics et priv\u00e9s directement vers les organisations paysannes pour une transition climatique juste et respectueuse de la biodiversit\u00e9.<\/p>\n<\/div>\n<\/div><div class=\"bde-div-15-111 bde-div\">\n  \n  \n\t\n\n\n\n<h2 class=\"bde-heading-15-112 bde-heading\">\nNotre mission\n<\/h2><div class=\"bde-rich-text-15-113 bde-rich-text breakdance-rich-text-styles\">\n<p>Soutenir <strong>les organisations paysannes, y compris les populations autochtones.<\/p><\/strong>Les organisations paysannes et de populations autochtones ont un r\u00f4le important \u00e0 jouer afin d'influencer les politiques publiques et priv\u00e9es, et d'acc\u00e9l\u00e9rer les flux financiers vers leurs membres en valorisant leurs r\u00f4les et leurs droits.<\/p>\n<\/div>\n<\/div><div class=\"bde-div-15-114 bde-div\">\n  \n  \n\t\n\n\n\n<h2 class=\"bde-heading-15-115 bde-heading\">\nNotre objectif\n<\/h2><div class=\"bde-rich-text-15-116 bde-rich-text translation-block breakdance-rich-text-styles\">\n<strong>Am\u00e9liorer la reconnaissance des comp\u00e9tences et de l'engagement des organisations paysannes <\/strong> \u00e0 influencer les politiques climatiques et agricoles et les d\u00e9cisions financi\u00e8res, afin d'augmenter le financement direct aux organisations paysannes pour les pratiques fond\u00e9es sur la nature.<br><br>\n <strong>Am\u00e9liorer les moyens de subsistance et les revenus des petits producteurs<\/strong> gr\u00e2ce \u00e0 des associations paysannes fortes et \u00e0 des entreprises rurales r\u00e9silientes au climat dirig\u00e9es par des agriculteurs et fond\u00e9es sur l'adoption de pratiques agricoles r\u00e9g\u00e9n\u00e9ratives\/agro\u00e9cologiques, en particulier avec des esp\u00e8ces sous-exploit\u00e9es.<br><br>\n <strong>Renforcer l'autonomie financi\u00e8re et la r\u00e9silience climatique des organisations paysannes<\/strong> gr\u00e2ce \u00e0 un meilleur acc\u00e8s direct aux financements et investissements publics et priv\u00e9s dans le domaine du climat et \u00e0 une meilleure gestion de ces derniers.\n<\/div>\n<\/div><div class=\"bde-button-15-118 bde-button\">\n    \n                        \n                        \n    \n    \n    \n    \n            \n                    \n            \n            \n\n    \n    \n    \n    \n    \n    <a class=\"breakdance-link button-atom button-atom--secondary bde-button__button\" href=\"https:\/\/ffora.org\/fr\/what-we-do\/\" target=\"_self\" data-type=\"url\"  >\n\n    \n        <span class=\"button-atom__text\">en savoir plus<\/span>\n\n        \n        \n                <\/a>\n\n    \n\n\n<\/div>\n<\/div><\/div>\n<\/section>","protected":false},"excerpt":{"rendered":"<p>Foundation for Farmers Organisations and Restorative Action FFORA learn more Just 0.3% of international climate finance goes to family farmers and Indigenous Peoples who produce a third of the world\u2019s food. They not only produce food but are also key actors in biodiversity conservation, ecosystem restoration and climate adaptation and mitigation. Smallholder farmers organisations and [&hellip;]<\/p>\n","protected":false},"author":1,"featured_media":50,"parent":0,"menu_order":0,"comment_status":"closed","ping_status":"closed","template":"","meta":{"_acf_changed":false,"slim_seo":{"title":"FFORA","description":"Foundation for Farmers Organisations and Restorative Action FFORA learn more Just 0.3% of international climate finance goes to family farmers and Indigenous Pe"},"_breakdance_hide_in_design_set":false,"_breakdance_tags":"","footnotes":""},"class_list":["post-15","page","type-page","status-publish","has-post-thumbnail","hentry"],"acf":[],"_links":{"self":[{"href":"https:\/\/ffora.org\/fr\/wp-json\/wp\/v2\/pages\/15","targetHints":{"allow":["GET"]}}],"collection":[{"href":"https:\/\/ffora.org\/fr\/wp-json\/wp\/v2\/pages"}],"about":[{"href":"https:\/\/ffora.org\/fr\/wp-json\/wp\/v2\/types\/page"}],"author":[{"embeddable":true,"href":"https:\/\/ffora.org\/fr\/wp-json\/wp\/v2\/users\/1"}],"replies":[{"embeddable":true,"href":"https:\/\/ffora.org\/fr\/wp-json\/wp\/v2\/comments?post=15"}],"version-history":[{"count":64,"href":"https:\/\/ffora.org\/fr\/wp-json\/wp\/v2\/pages\/15\/revisions"}],"predecessor-version":[{"id":1021,"href":"https:\/\/ffora.org\/fr\/wp-json\/wp\/v2\/pages\/15\/revisions\/1021"}],"wp:featuredmedia":[{"embeddable":true,"href":"https:\/\/ffora.org\/fr\/wp-json\/wp\/v2\/media\/50"}],"wp:attachment":[{"href":"https:\/\/ffora.org\/fr\/wp-json\/wp\/v2\/media?parent=15"}],"curies":[{"name":"wp","href":"https:\/\/api.w.org\/{rel}","templated":true}]}}