{"id":17,"date":"2025-04-10T05:46:40","date_gmt":"2025-04-10T05:46:40","guid":{"rendered":"https:\/\/ffora.symforma.design\/?page_id=17"},"modified":"2025-05-29T16:33:18","modified_gmt":"2025-05-29T15:33:18","slug":"working-with-farmers","status":"publish","type":"page","link":"https:\/\/ffora.org\/fr\/working-with-farmers\/","title":{"rendered":"Les organisations paysannes"},"content":{"rendered":"<section class=\"bde-section-17-100 bde-section bde-preset-c5721ec7-47ee-40a9-93d6-8fc3958e61f1\">\n  \n  \n\t\n\n\n\n        <div class=\"section-shape-divider-wrapper section-shape-divider-wrapper--1\">\n          <span class=\"section-shape-divider\">\n                      <svg\n                xmlns=\"http:\/\/www.w3.org\/2000\/svg\"\n                viewbox=\"0 0 1440 320\"\n                preserveaspectratio=\"none\"\n            >\n              \n            <\/svg>\n                    <\/span>\n      <\/div>\n  <div class=\"section-container\"><h1 class=\"bde-heading-17-101 bde-heading\">\nTravailler avec les agriculteurs pour une transition climatique \u00e9quitable\n<\/h1><div class=\"bde-columns-17-102 bde-columns\"><div class=\"bde-column-17-103 bde-column\">\n  \n  \n\t\n\n\n\n<h2 class=\"bde-heading-17-107 bde-heading\">\nPourquoi les organisations paysannes ?\n<\/h2><img decoding=\"async\" class=\"bde-image2-17-105 bde-image2\" src=\"https:\/\/ffora.org\/wp-content\/uploads\/2025\/04\/why_farmers_organisations.jpeg\" loading=\"lazy\" srcset=\"https:\/\/ffora.org\/wp-content\/uploads\/2025\/04\/why_farmers_organisations.jpeg 1200w, https:\/\/ffora.org\/wp-content\/uploads\/2025\/04\/why_farmers_organisations-300x150.jpeg 300w, https:\/\/ffora.org\/wp-content\/uploads\/2025\/04\/why_farmers_organisations-1024x512.jpeg 1024w, https:\/\/ffora.org\/wp-content\/uploads\/2025\/04\/why_farmers_organisations-768x384.jpeg 768w\" sizes=\"(max-width: 1200px) 100vw, 1200px\"><div class=\"bde-rich-text-17-106 bde-rich-text translation-block breakdance-rich-text-styles\">\n<p>Farmers organisations are formal or informal <strong>member based associations<\/strong> that are democratically organised from the grassroots level up.<\/p>\n<p class=\"translation-block\">Elles <strong>fournissent de multiples services<\/strong> \u00e0 leurs membres, tels que l'assistance technique pour des pratiques durables, le d\u00e9veloppement de, et l'acc\u00e8s aux, march\u00e9s, l'incidence politique et des services socio-culturels.<\/p>\n<p>Our <strong>farmers organisations partners represent smallholders in the Global South.<\/strong> These organisations also represent the millions of smallholders who are responding to climate change by establishing resilient farming systems and producing a third of the world's food.<\/p>\n<\/div>\n<\/div><div class=\"bde-column-17-108 bde-column\">\n  \n  \n\t\n\n\n\n<h2 class=\"bde-heading-17-109 bde-heading\">\nPourquoi des organisations territoriales de peuples autochtones ?\n<\/h2><img decoding=\"async\" class=\"bde-image2-17-110 bde-image2\" src=\"https:\/\/ffora.org\/wp-content\/uploads\/2025\/04\/why_indigenous_peoples_-territorial_organisations.jpeg\" loading=\"lazy\" srcset=\"https:\/\/ffora.org\/wp-content\/uploads\/2025\/04\/why_indigenous_peoples_-territorial_organisations.jpeg 1200w, https:\/\/ffora.org\/wp-content\/uploads\/2025\/04\/why_indigenous_peoples_-territorial_organisations-300x150.jpeg 300w, https:\/\/ffora.org\/wp-content\/uploads\/2025\/04\/why_indigenous_peoples_-territorial_organisations-1024x512.jpeg 1024w, https:\/\/ffora.org\/wp-content\/uploads\/2025\/04\/why_indigenous_peoples_-territorial_organisations-768x384.jpeg 768w\" sizes=\"(max-width: 1200px) 100vw, 1200px\"><div class=\"bde-rich-text-17-111 bde-rich-text translation-block breakdance-rich-text-styles\">\n<p class=\"translation-block\">Les peuples autochtones du monde entier disposent de leur propre syst\u00e8me de gouvernance avec un syst\u00e8me de repr\u00e9sentation traditionnel. Ils forment des organisations territoriales dans le monde entier, repr\u00e9sentant des millions de personnes.<\/p>\n<p class=\"translation-block\">La science a d\u00e9montr\u00e9 que les for\u00eats sont mieux g\u00e9r\u00e9es par les peuples indig\u00e8nes en ce qui concerne la biodiversit\u00e9 et la r\u00e9sistance au climat.<\/p>\n<p class=\"translation-block\">FFORA s'engage \u00e0 soutenir les organisations territoriales dans leur lutte pour les droits fonciers, le consentement libre et pr\u00e9alable en connaissance de cause (FPIC en anglais), le financement direct, la fin de la criminalisation et la garantie de leur vie, ainsi que la protection et le respect de leurs connaissances traditionnelles, tout en les soutenant en tant que producteurs de denr\u00e9es alimentaires.<\/p>\n<\/div>\n<\/div><\/div><\/div>\n<\/section>","protected":false},"excerpt":{"rendered":"<p>Working with farmers for a just climate transition Why farmers organisations? Farmers organisations are formal or informal member based associations that are democratically organised from the grassroots level up. They provide multiple services to their members such as technical support for sustainable practices, market development and access, policy influencing or cultural services. Our farmers organisations [&hellip;]<\/p>\n","protected":false},"author":1,"featured_media":0,"parent":0,"menu_order":0,"comment_status":"closed","ping_status":"closed","template":"","meta":{"_acf_changed":false,"slim_seo":{"title":"Working with farmers - FFORA","description":"Working with farmers for a just climate transition Why farmers organisations? Farmers organisations are formal or informal member based associations that are de"},"_breakdance_hide_in_design_set":false,"_breakdance_tags":"","footnotes":""},"class_list":["post-17","page","type-page","status-publish","hentry"],"acf":[],"_links":{"self":[{"href":"https:\/\/ffora.org\/fr\/wp-json\/wp\/v2\/pages\/17","targetHints":{"allow":["GET"]}}],"collection":[{"href":"https:\/\/ffora.org\/fr\/wp-json\/wp\/v2\/pages"}],"about":[{"href":"https:\/\/ffora.org\/fr\/wp-json\/wp\/v2\/types\/page"}],"author":[{"embeddable":true,"href":"https:\/\/ffora.org\/fr\/wp-json\/wp\/v2\/users\/1"}],"replies":[{"embeddable":true,"href":"https:\/\/ffora.org\/fr\/wp-json\/wp\/v2\/comments?post=17"}],"version-history":[{"count":19,"href":"https:\/\/ffora.org\/fr\/wp-json\/wp\/v2\/pages\/17\/revisions"}],"predecessor-version":[{"id":528,"href":"https:\/\/ffora.org\/fr\/wp-json\/wp\/v2\/pages\/17\/revisions\/528"}],"wp:attachment":[{"href":"https:\/\/ffora.org\/fr\/wp-json\/wp\/v2\/media?parent=17"}],"curies":[{"name":"wp","href":"https:\/\/api.w.org\/{rel}","templated":true}]}}