{"id":19,"date":"2025-04-10T05:46:54","date_gmt":"2025-04-10T05:46:54","guid":{"rendered":"https:\/\/ffora.symforma.design\/?page_id=19"},"modified":"2026-03-26T15:57:58","modified_gmt":"2026-03-26T13:57:58","slug":"what-we-do","status":"publish","type":"page","link":"https:\/\/ffora.org\/fr\/what-we-do\/","title":{"rendered":"Ce que nous faisons"},"content":{"rendered":"<section class=\"bde-section-19-100 bde-section\">\n  \n  \n\t\n\n\n\n<div class=\"section-container\"><h1 class=\"bde-heading-19-101 bde-heading\">\nCe que nous faisons\n<\/h1><div class=\"bde-grid-19-119 bde-grid\">\n  \n  \n\t\n\n\n\n<div class=\"bde-div-19-120 bde-div\">\n  \n  \n\t\n\n\n\n<img decoding=\"async\" class=\"bde-image2-19-105 bde-image2\" src=\"https:\/\/ffora.org\/wp-content\/uploads\/2025\/04\/influence_policy.jpeg\" loading=\"lazy\" srcset=\"https:\/\/ffora.org\/wp-content\/uploads\/2025\/04\/influence_policy.jpeg 730w, https:\/\/ffora.org\/wp-content\/uploads\/2025\/04\/influence_policy-300x300.jpeg 300w, https:\/\/ffora.org\/wp-content\/uploads\/2025\/04\/influence_policy-150x150.jpeg 150w\" sizes=\"(max-width: 730px) 100vw, 730px\"><div class=\"bde-div-19-123 bde-div\">\n  \n  \n\t\n\n\n\n<h2 class=\"bde-heading-19-104 bde-heading\">\nPlaidoyer politique\n<\/h2><div class=\"bde-rich-text-19-106 bde-rich-text translation-block breakdance-rich-text-styles\">Nous accompagnons les organisations paysannes dans leur strat\u00e9gie, en les aidant \u00e0 d\u00e9velopper de la recherche sur leurs besoins et leur r\u00f4les, ainsi que des outils de communication. Nous accompagnons \u00e9galement la campagne <a class=\"x-el x-el-a c1-2h c1-2i c1-8r c1-2k c1-2l c1-2m c1-1v c1-6k c1-b c1-2r c1-2s c1-2t c1-2u\" href=\"https:\/\/familyfarmersclimateaction.org\/fr\/\" target=\"_blank\" rel=\"noopener\">Agriculture Familiale pour l'Action Climatique<\/a>.<\/div>\n<\/div>\n<\/div><div class=\"bde-div-19-121 bde-div\">\n  \n  \n\t\n\n\n\n<img decoding=\"async\" class=\"bde-image2-19-112 bde-image2\" src=\"https:\/\/ffora.org\/wp-content\/uploads\/2025\/04\/prepare_-for_-finance.jpeg\" loading=\"lazy\" srcset=\"https:\/\/ffora.org\/wp-content\/uploads\/2025\/04\/prepare_-for_-finance.jpeg 730w, https:\/\/ffora.org\/wp-content\/uploads\/2025\/04\/prepare_-for_-finance-300x300.jpeg 300w, https:\/\/ffora.org\/wp-content\/uploads\/2025\/04\/prepare_-for_-finance-150x150.jpeg 150w\" sizes=\"(max-width: 730px) 100vw, 730px\"><div class=\"bde-div-19-124 bde-div\">\n  \n  \n\t\n\n\n\n<h2 class=\"bde-heading-19-113 bde-heading\">\nPr\u00e9paration au financement\n<\/h2><div class=\"bde-rich-text-19-114 bde-rich-text translation-block breakdance-rich-text-styles\">\nNous renfor\u00e7ons les structures organisationnelles pour am\u00e9liorer l'acc\u00e8s au financement climatique et bien le g\u00e9rer, notamment en constituant leurs propres fonds, afin d'am\u00e9liorer la viabilit\u00e9 financi\u00e8re \u00e0 long terme des petites et moyennes entreprises rurales, en particulier pour les esp\u00e8ces n\u00e9glig\u00e9es et sous-utilis\u00e9es.\n<p><a href=\"https:\/\/ffora.org\/fr\/what-we-do\/indigenous_chamber_of_commerce\/\" rel=\"\"> Chambre de Commerce Autochtone<\/a><\/p>\n<\/div>\n<\/div>\n<\/div><div class=\"bde-div-19-122 bde-div\">\n  \n  \n\t\n\n\n\n<img decoding=\"async\" class=\"bde-image2-19-116 bde-image2\" src=\"https:\/\/ffora.org\/wp-content\/uploads\/2025\/04\/broker_finance.jpeg\" loading=\"lazy\" srcset=\"https:\/\/ffora.org\/wp-content\/uploads\/2025\/04\/broker_finance.jpeg 730w, https:\/\/ffora.org\/wp-content\/uploads\/2025\/04\/broker_finance-300x300.jpeg 300w, https:\/\/ffora.org\/wp-content\/uploads\/2025\/04\/broker_finance-150x150.jpeg 150w\" sizes=\"(max-width: 730px) 100vw, 730px\"><div class=\"bde-div-19-125 bde-div\">\n  \n  \n\t\n\n\n\n<h2 class=\"bde-heading-19-117 bde-heading\">\nMise en relation pour du financement\n<\/h2><div class=\"bde-rich-text-19-118 bde-rich-text translation-block breakdance-rich-text-styles\">\nNous mettons en relation les organisations paysannes et autochtones avec des acteurs de la finance publique et priv\u00e9e pour acc\u00e9l\u00e9rer et augmenter leur financement direct, sans interm\u00e9diaire. Ce financement leur permet d'investir dans des cultures et des syst\u00e8mes de production r\u00e9g\u00e9n\u00e9rants, respectueux de la biodiversit\u00e9 et r\u00e9silients face au changement climatique.\n<\/p>\n<p><a href=\"https:\/\/ffora.org\/fr\/what-we-do\/farmers-seeds-resilience-in-cambodia\/\" rel=\"\">Semences paysannes au Cambodge<\/a><\/p>\n<\/div>\n<\/div>\n<\/div>\n<\/div><\/div>\n<\/section>","protected":false},"excerpt":{"rendered":"<p>What we do Influence policy We provide strategic support to build the knowledge, evidence, communication tools and capacities for farmers organisations to influence global, regional and national policy and finance streams, including strategic support to the Family Farmers for Climate Action campaign. Enhancing Farmers Organisations Recognition, Capacity and Engagement (FORCE) Prepare for finance We strengthen [&hellip;]<\/p>\n","protected":false},"author":1,"featured_media":0,"parent":0,"menu_order":0,"comment_status":"closed","ping_status":"closed","template":"","meta":{"_acf_changed":false,"slim_seo":{"title":"What we do - FFORA","description":"What we do Influence policy We provide strategic support to build the knowledge, evidence, communication tools and capacities for farmers organisations to influ"},"_breakdance_hide_in_design_set":false,"_breakdance_tags":"","footnotes":""},"class_list":["post-19","page","type-page","status-publish","hentry"],"acf":[],"_links":{"self":[{"href":"https:\/\/ffora.org\/fr\/wp-json\/wp\/v2\/pages\/19","targetHints":{"allow":["GET"]}}],"collection":[{"href":"https:\/\/ffora.org\/fr\/wp-json\/wp\/v2\/pages"}],"about":[{"href":"https:\/\/ffora.org\/fr\/wp-json\/wp\/v2\/types\/page"}],"author":[{"embeddable":true,"href":"https:\/\/ffora.org\/fr\/wp-json\/wp\/v2\/users\/1"}],"replies":[{"embeddable":true,"href":"https:\/\/ffora.org\/fr\/wp-json\/wp\/v2\/comments?post=19"}],"version-history":[{"count":25,"href":"https:\/\/ffora.org\/fr\/wp-json\/wp\/v2\/pages\/19\/revisions"}],"predecessor-version":[{"id":821,"href":"https:\/\/ffora.org\/fr\/wp-json\/wp\/v2\/pages\/19\/revisions\/821"}],"wp:attachment":[{"href":"https:\/\/ffora.org\/fr\/wp-json\/wp\/v2\/media?parent=19"}],"curies":[{"name":"wp","href":"https:\/\/api.w.org\/{rel}","templated":true}]}}