{"id":23,"date":"2025-04-10T05:47:28","date_gmt":"2025-04-10T05:47:28","guid":{"rendered":"https:\/\/ffora.symforma.design\/?page_id=23"},"modified":"2026-04-02T15:52:02","modified_gmt":"2026-04-02T13:52:02","slug":"about-us","status":"publish","type":"page","link":"https:\/\/ffora.org\/fr\/about-us\/","title":{"rendered":"A propos de nous"},"content":{"rendered":"<section class=\"bde-section-23-162 bde-section\">\n  \n  \n\t\n\n\n\n<div class=\"section-container\"><h1 class=\"bde-heading-23-163 bde-heading\">\nCo-cr\u00e9\u00e9e avec...\n<\/h1><\/div>\n<\/section><section class=\"bde-section-23-132 bde-section bde-preset-fbd6dabf-2394-4547-9265-23924f209a1a\">\n  \n  \n\t\n\n\n\n        <div class=\"section-shape-divider-wrapper section-shape-divider-wrapper--1\">\n          <span class=\"section-shape-divider\">\n                      <svg\n                xmlns=\"http:\/\/www.w3.org\/2000\/svg\"\n                viewbox=\"0 0 1440 320\"\n                preserveaspectratio=\"none\"\n            >\n              \n            <\/svg>\n                    <\/span>\n      <\/div>\n  <div class=\"section-container\"><div class=\"bde-image-box-23-139 bde-image-box\">\n<div class=\"ee-imagebox-image\">\n  <img loading=\"lazy\" decoding=\"async\" class=\"breakdance-image-object\" src=\"https:\/\/ffora.org\/wp-content\/uploads\/2025\/04\/elizabeth_nsimadala-225x300.jpeg\" width=\"225\" height=\"300\" srcset=\"https:\/\/ffora.org\/wp-content\/uploads\/2025\/04\/elizabeth_nsimadala-225x300.jpeg 225w, https:\/\/ffora.org\/wp-content\/uploads\/2025\/04\/elizabeth_nsimadala-768x1024.jpeg 768w\" sizes=\"auto, (max-width: 225px) 100vw, 225px\" alt=\"Elizabeth nsimadala\">\n<\/div>\n<div class=\"ee-imagebox-content\">\n      <p class=\"ee-imagebox-title bde-h3\" >Elizabeth Nsimadala<\/p>\n    \n      <div class=\"ee-imagebox-text\" ><p>Elizabeth Nsimadala est une entrepreneuse agricole et petite exploitante originaire d'Ouganda. Elle est Pr\u00e9sidente de l'\n<a href=\"https:\/\/www.eaffu.org\/\" target=\"_blank\" rel=\"noreferrer noopener\">\u00a0Eastern Africa Farmers Federation<\/a>\u00a0(EAFF). \u00a0<\/p><\/div>\n    \n          \n                        \n                        \n    \n    \n    \n    \n            \n                    \n            \n            \n\n    \n    \n    \n    \n    \n    <a class=\"breakdance-link button-atom button-atom--text ee-imagebox-button\" href=\"https:\/\/www.linkedin.com\/in\/elizabeth-nsimadala-a6933870\/\" target=\"_blank\" data-type=\"url\"  >\n\n    \n        <span class=\"button-atom__text\">En savoir plus<\/span>\n\n        \n        \n                <\/a>\n\n    \n\n  <\/div>\n\n<\/div><div class=\"bde-image-box-23-140 bde-image-box\">\n<div class=\"ee-imagebox-image\">\n  <img loading=\"lazy\" decoding=\"async\" class=\"breakdance-image-object\" src=\"https:\/\/ffora.org\/wp-content\/uploads\/2025\/04\/esther_penunia-225x300.jpeg\" width=\"225\" height=\"300\" srcset=\"https:\/\/ffora.org\/wp-content\/uploads\/2025\/04\/esther_penunia-225x300.jpeg 225w, https:\/\/ffora.org\/wp-content\/uploads\/2025\/04\/esther_penunia-768x1024.jpeg 768w\" sizes=\"auto, (max-width: 225px) 100vw, 225px\" alt=\"Esther penunia\">\n<\/div>\n<div class=\"ee-imagebox-content\">\n      <p class=\"ee-imagebox-title bde-h3\" >Esther Penunia<\/p>\n    \n      <div class=\"ee-imagebox-text\" ><p>Esther Penunia a des d\u00e9cennies d'exp\u00e9rience en d\u00e9veloppement rural et est bas\u00e9e aux Philippines. Elle est la Secr\u00e9taire G\u00e9n\u00e9rale de l'<a href=\"https:\/\/asianfarmers.org\/\" target=\"_blank\" rel=\"noreferrer noopener\">Asian Farmers\u2019 Association for Sustainable Rural Development\u00a0<\/a>(AFA).<\/p><\/div>\n    \n          \n                        \n                        \n    \n    \n    \n    \n            \n                    \n            \n            \n\n    \n    \n    \n    \n    \n    <a class=\"breakdance-link button-atom button-atom--text ee-imagebox-button\" href=\"https:\/\/www.linkedin.com\/in\/esther-penunia-676987340\/\" target=\"_blank\" data-type=\"url\"  >\n\n    \n        <span class=\"button-atom__text\">En savoir plus<\/span>\n\n        \n        \n                <\/a>\n\n    \n\n  <\/div>\n\n<\/div><div class=\"bde-image-box-23-141 bde-image-box\">\n<div class=\"ee-imagebox-image\">\n  <img loading=\"lazy\" decoding=\"async\" class=\"breakdance-image-object\" src=\"https:\/\/ffora.org\/wp-content\/uploads\/2025\/04\/ibrahima_coulibaly-225x300.jpeg\" width=\"225\" height=\"300\" sizes=\"auto, (max-width: 225px) 100vw, 225px\" alt=\"Ibrahima coulibaly\">\n<\/div>\n<div class=\"ee-imagebox-content\">\n      <p class=\"ee-imagebox-title bde-h3\" >Ibrahima Coulibaly<\/p>\n    \n      <div class=\"ee-imagebox-text\" ><p>Ibrahima Coulibaly est un leader paysan du Mali, President du\u00a0<a href=\"https:\/\/www.roppa-afrique.org\/fr\/\" target=\"_blank\" rel=\"noreferrer noopener\">R\u00e9seau des organisations paysannes et de producteurs de l\u2019Afrique de l\u2019Ouest\u00a0<\/a>(ROPPA) <\/p> <\/div>\n    \n          \n                        \n                        \n    \n    \n    \n    \n            \n                    \n            \n            \n\n    \n    \n    \n    \n    \n    <a class=\"breakdance-link button-atom button-atom--text ee-imagebox-button\" href=\"https:\/\/www.roppa-afrique.org\/\" target=\"_blank\" data-type=\"url\"  >\n\n    \n        <span class=\"button-atom__text\">En savoir plus<\/span>\n\n        \n        \n                <\/a>\n\n    \n\n  <\/div>\n\n<\/div><div class=\"bde-image-box-23-142 bde-image-box\">\n<div class=\"ee-imagebox-image\">\n  <img loading=\"lazy\" decoding=\"async\" class=\"breakdance-image-object\" src=\"https:\/\/ffora.org\/wp-content\/uploads\/2025\/04\/juan_carlos_jintiach-225x300.jpeg\" width=\"225\" height=\"300\" srcset=\"https:\/\/ffora.org\/wp-content\/uploads\/2025\/04\/juan_carlos_jintiach-225x300.jpeg 225w, https:\/\/ffora.org\/wp-content\/uploads\/2025\/04\/juan_carlos_jintiach-768x1023.jpeg 768w\" sizes=\"auto, (max-width: 225px) 100vw, 225px\" alt=\"Juan carlos jintiach\">\n<\/div>\n<div class=\"ee-imagebox-content\">\n      <h3 class=\"ee-imagebox-title bde-h3\" >Juan Carlos Jintiach<\/h3>\n    \n      <div class=\"ee-imagebox-text\" ><p>Juan Carlos Jintiach fait partie du Peuple Shuar de l'Amazonie \u00e9quatorienne. Il est le Secr\u00e9taire Ex\u00e9cutif de l'<a href=\"https:\/\/globalalliance.me\/\" target=\"_blank\" rel=\"noreferrer noopener\">Alliance Mondiale des Collectivit\u00e9s Territoriales<\/a>\u00a0(GATC).\u00a0<\/p><\/div>\n    \n          \n                        \n                        \n    \n    \n    \n    \n            \n                    \n            \n            \n\n    \n    \n    \n    \n    \n    <a class=\"breakdance-link button-atom button-atom--text ee-imagebox-button\" href=\"https:\/\/www.linkedin.com\/in\/juan-jintiach-7270b55b\/\" target=\"_blank\" data-type=\"url\"  >\n\n    \n        <span class=\"button-atom__text\">En savoir plus<\/span>\n\n        \n        \n                <\/a>\n\n    \n\n  <\/div>\n\n<\/div><div class=\"bde-image-box-23-143 bde-image-box\">\n<div class=\"ee-imagebox-image\">\n  <img decoding=\"async\" class=\"breakdance-image-object\" src=\"https:\/\/ffora.org\/wp-content\/uploads\/2025\/04\/maddi_rogerson-225x300.jpeg\" width=\"225\" height=\"300\" sizes=\"auto, (max-width: 225px) 100vw, 225px\" alt=\"Maddi rogerson\" loading=\"lazy\">\n<\/div>\n<div class=\"ee-imagebox-content\">\n      <p class=\"ee-imagebox-title bde-h3\" >Maddi Rogerson<\/p>\n    \n      <div class=\"ee-imagebox-text\" >Maddi est une experte en relations internationales et a pass\u00e9 sept ans dans la fonction publique britannique. Elle est l'assistante sp\u00e9ciale de Zac Goldsmith.<\/div>\n    \n          \n                        \n                        \n    \n    \n    \n    \n            \n                    \n            \n            \n\n    \n    \n    \n    \n    \n    <a class=\"breakdance-link button-atom button-atom--text ee-imagebox-button\" href=\"https:\/\/www.linkedin.com\/in\/maddi-rogerson-558bb098\/\" target=\"_blank\" data-type=\"url\"  >\n\n    \n        <span class=\"button-atom__text\">En savoir plus<\/span>\n\n        \n        \n                <\/a>\n\n    \n\n  <\/div>\n\n<\/div><\/div>\n<\/section><section class=\"bde-section-23-179 bde-section\">\n  \n  \n\t\n\n\n\n<div class=\"section-container\"><h1 class=\"bde-heading-23-180 bde-heading\">\nFond\u00e9e par..-\n<\/h1><\/div>\n<\/section><section class=\"bde-section-23-171 bde-section bde-preset-fbd6dabf-2394-4547-9265-23924f209a1a\">\n  \n  \n\t\n\n\n\n        <div class=\"section-shape-divider-wrapper section-shape-divider-wrapper--1\">\n          <span class=\"section-shape-divider\">\n                      <svg\n                xmlns=\"http:\/\/www.w3.org\/2000\/svg\"\n                viewbox=\"0 0 1440 320\"\n                preserveaspectratio=\"none\"\n            >\n              \n            <\/svg>\n                    <\/span>\n      <\/div>\n  <div class=\"section-container\"><div class=\"bde-image-box-23-172 bde-image-box\">\n<div class=\"ee-imagebox-image\">\n  <img loading=\"lazy\" decoding=\"async\" class=\"breakdance-image-object\" src=\"https:\/\/ffora.org\/wp-content\/uploads\/2025\/04\/pauline_buffle-300x300.jpeg\" width=\"300\" height=\"300\" srcset=\"https:\/\/ffora.org\/wp-content\/uploads\/2025\/04\/pauline_buffle.jpeg 730w, https:\/\/ffora.org\/wp-content\/uploads\/2025\/04\/pauline_buffle-300x300.jpeg 300w, https:\/\/ffora.org\/wp-content\/uploads\/2025\/04\/pauline_buffle-150x150.jpeg 150w\" sizes=\"auto, (max-width: 730px) 100vw, 730px\" alt=\"Pauline buffle\">\n<\/div>\n<div class=\"ee-imagebox-content\">\n      <p class=\"ee-imagebox-title bde-h3\" >Pauline Buffle<\/p>\n    \n      <div class=\"ee-imagebox-text\" >Depuis plus de 15 ans, je travaille dans des forums politiques mondiaux et sur le terrain pour relever les d\u00e9fis li\u00e9s \u00e0 l'utilisation des terres et au changement climatique. Je m'int\u00e9resse particuli\u00e8rement \u00e0 l'interconnexion entre les for\u00eats et les terres agricoles, ainsi qu'aux personnes qui y vivent. <br><br>\u00a0I spent a significant part of my career at the International Union for Conservation of Nature, where I have built trusted partnerships with smallholder farmers organisations and indigenous territorial authorities.\u00a0 <br><br>\u00a0J'ai g\u00e9r\u00e9 un large \u00e9ventail de projets ax\u00e9s sur les solutions fond\u00e9es sur la nature, les approches agro\u00e9cologiques et la restauration des terres dans plus de 15 pays. J'ai \u00e9galement travaill\u00e9 avec un large \u00e9ventail de parties prenantes, des ONG locales et mondiales, des organismes de recherche et une s\u00e9rie d'acteurs du secteur priv\u00e9, des petits exploitants agricoles aux grandes entreprises multinationales de produits agricoles de base.<\/div>\n    \n  <\/div>\n\n<\/div><div class=\"bde-image-box-23-173 bde-image-box\">\n<div class=\"ee-imagebox-image\">\n  <img loading=\"lazy\" decoding=\"async\" class=\"breakdance-image-object\" src=\"https:\/\/ffora.org\/wp-content\/uploads\/2025\/04\/chris_buss-300x300.jpeg\" width=\"300\" height=\"300\" srcset=\"https:\/\/ffora.org\/wp-content\/uploads\/2025\/04\/chris_buss.jpeg 730w, https:\/\/ffora.org\/wp-content\/uploads\/2025\/04\/chris_buss-300x300.jpeg 300w, https:\/\/ffora.org\/wp-content\/uploads\/2025\/04\/chris_buss-150x150.jpeg 150w\" sizes=\"auto, (max-width: 730px) 100vw, 730px\" alt=\"Chris buss\">\n<\/div>\n<div class=\"ee-imagebox-content\">\n      <p class=\"ee-imagebox-title bde-h3\" >Chris Buss<\/p>\n    \n      <div class=\"ee-imagebox-text\" >J'ai pr\u00e8s de 30 ans d'exp\u00e9rience dans la direction et le d\u00e9veloppement d'initiatives \u00e0 grande \u00e9chelle qui int\u00e8grent des strat\u00e9gies de gestion durable des terres, avec une approche centr\u00e9e sur les personnes et bas\u00e9e sur les droits, avec des organisations d'agriculteurs et des groupes de populations indig\u00e8nes.\u00a0 <br><br>Ayant travaill\u00e9 \u00e0 court et \u00e0 long terme dans plus de 45 pays, j'ai associ\u00e9 cette exp\u00e9rience de terrain \u00e0 un engagement dans des forums politiques mondiaux, r\u00e9gionaux et nationaux, en mettant l'accent sur la mobilisation de financements innovants qui r\u00e9pondent aux besoins locaux.<br><br>Ayant dirig\u00e9 plusieurs \u00e9quipes, j'ai supervis\u00e9 le d\u00e9veloppement et la gestion d'un portefeuille de plus de $500m en financement direct de programme provenant d'un \u00e9ventail d'investissements gouvernementaux et du secteur priv\u00e9. J'ai \u00e9galement codirig\u00e9 les th\u00e8mes de la nature et des solutions fond\u00e9es sur la nature pour le champion de haut niveau de la CCNUCC COP26, et j'ai codirig\u00e9 le dialogue sur les for\u00eats.\u00a0<\/div>\n    \n  <\/div>\n\n<\/div><\/div>\n<\/section><section class=\"bde-section-23-152 bde-section\">\n  \n  \n\t\n\n\n\n        <div class=\"section-shape-divider-wrapper section-shape-divider-wrapper--1\">\n          <span class=\"section-shape-divider\">\n                      <svg\n                xmlns=\"http:\/\/www.w3.org\/2000\/svg\"\n                viewbox=\"0 0 1440 320\"\n                preserveaspectratio=\"none\"\n            >\n              \n            <\/svg>\n                    <\/span>\n      <\/div>\n  <div class=\"section-container\"><h1 class=\"bde-heading-23-160 bde-heading\">\nPourquoi FFORA\n<\/h1><div class=\"bde-image-box-23-154 bde-image-box\">\n<div class=\"ee-imagebox-image\">\n  <img decoding=\"async\" class=\"breakdance-image-object\" src=\"https:\/\/ffora.org\/wp-content\/uploads\/2026\/01\/IMG_2442-1024x768.jpg\" width=\"1024\" height=\"768\" srcset=\"https:\/\/ffora.org\/wp-content\/uploads\/2026\/01\/IMG_2442-1024x768.jpg 1024w, https:\/\/ffora.org\/wp-content\/uploads\/2026\/01\/IMG_2442-300x225.jpg 300w, https:\/\/ffora.org\/wp-content\/uploads\/2026\/01\/IMG_2442-768x576.jpg 768w, https:\/\/ffora.org\/wp-content\/uploads\/2026\/01\/IMG_2442-1536x1152.jpg 1536w, https:\/\/ffora.org\/wp-content\/uploads\/2026\/01\/IMG_2442-2048x1536.jpg 2048w, https:\/\/ffora.org\/wp-content\/uploads\/2026\/01\/IMG_2442-16x12.jpg 16w\" sizes=\"auto, (max-width: 1024px) 100vw, 1024px\" alt=\"Img 2442\" loading=\"lazy\">\n<\/div>\n<div class=\"ee-imagebox-content\">\n    \n      <div class=\"ee-imagebox-text\" >FFORA is hosted by the Swiss Philanthropy Foundation.\u00a0It provides technical support to farmers organisations & Indigenous Peoples organisations and brokers investment in them.\u00a0  \u00a0<br><br>Seulement 0,3% du financement international pour le climat va aux agriculteurs familiaux qui produisent produisent un tiers de la nourriture mondiale. Ce financement limit\u00e9 est d\u00e9pourvu d'un m\u00e9canisme souple et r\u00e9actif con\u00e7u par les agriculteurs locaux et destin\u00e9 \u00e0 les atteindre. <br><br>Les fonds doivent \u00eatre con\u00e7us et accessibles par les agriculteurs et les populations autochtones  eux-m\u00eames, afin de canaliser les investissements vers des syst\u00e8mes agricoles r\u00e9silients face au climat, notamment en ce qui concerne les esp\u00e8ces d'arbres et de cultures sous-exploit\u00e9es.<\/div>\n    \n  <\/div>\n\n<\/div><\/div>\n<\/section>","protected":false},"excerpt":{"rendered":"<p>Co-created with \u2026 Elizabeth Nsimadala Elizabeth Nsimadala is a Ugandan agripreneur and smallholder farmer. She is the President of the Eastern Africa Farmers Federation (EAFF). Learn more Esther Penunia Esther has decades of experience in rural development and is based in the Philippines. She is the Secretary General of the Asian Farmers\u2019 Association for Sustainable [&hellip;]<\/p>\n","protected":false},"author":1,"featured_media":0,"parent":0,"menu_order":0,"comment_status":"closed","ping_status":"closed","template":"","meta":{"_acf_changed":false,"slim_seo":{"title":"About us - FFORA","description":"Co-created with \u2026 Elizabeth Nsimadala Elizabeth Nsimadala is a Ugandan agripreneur and smallholder farmer. She is the President of the Eastern Africa Farmers Fe"},"_breakdance_hide_in_design_set":false,"_breakdance_tags":"","footnotes":""},"class_list":["post-23","page","type-page","status-publish","hentry"],"acf":[],"_links":{"self":[{"href":"https:\/\/ffora.org\/fr\/wp-json\/wp\/v2\/pages\/23","targetHints":{"allow":["GET"]}}],"collection":[{"href":"https:\/\/ffora.org\/fr\/wp-json\/wp\/v2\/pages"}],"about":[{"href":"https:\/\/ffora.org\/fr\/wp-json\/wp\/v2\/types\/page"}],"author":[{"embeddable":true,"href":"https:\/\/ffora.org\/fr\/wp-json\/wp\/v2\/users\/1"}],"replies":[{"embeddable":true,"href":"https:\/\/ffora.org\/fr\/wp-json\/wp\/v2\/comments?post=23"}],"version-history":[{"count":71,"href":"https:\/\/ffora.org\/fr\/wp-json\/wp\/v2\/pages\/23\/revisions"}],"predecessor-version":[{"id":1025,"href":"https:\/\/ffora.org\/fr\/wp-json\/wp\/v2\/pages\/23\/revisions\/1025"}],"wp:attachment":[{"href":"https:\/\/ffora.org\/fr\/wp-json\/wp\/v2\/media?parent=23"}],"curies":[{"name":"wp","href":"https:\/\/api.w.org\/{rel}","templated":true}]}}