{"id":3,"date":"2025-04-10T05:42:09","date_gmt":"2025-04-10T05:42:09","guid":{"rendered":"https:\/\/ffora.symforma.design\/?page_id=3"},"modified":"2025-05-23T14:15:14","modified_gmt":"2025-05-23T13:15:14","slug":"privacy-policy","status":"publish","type":"page","link":"https:\/\/ffora.org\/fr\/privacy-policy\/","title":{"rendered":"Politique de confidentialit\u00e9"},"content":{"rendered":"<h2 class=\"wp-block-heading\">Organisme responsable<\/h2>\n\n\n\n<p>Pauline Buffle<br>FFORA<br>C\/o Swiss Philanthropy Foundation<br>Place de Cornavin 2<br>1201 Gen\u00e8ve<\/p>\n\n\n\n<h2 class=\"wp-block-heading\">Donn\u00e9es trait\u00e9es<\/h2>\n\n\n\n<p>Nous ne stockons et ne traitons vos donn\u00e9es personnelles que si vous nous les transmettez dans le cadre de l'utilisation de services et d'outils (par exemple, le formulaire de contact).<\/p>\n\n\n\n<h2 class=\"wp-block-heading\">Objectif<\/h2>\n\n\n\n<p>Nous traitons vos donn\u00e9es exclusivement aux fins que nous vous avons communiqu\u00e9es lors de la collecte de vos donn\u00e9es et \u00e0 d'autres fins compatibles avec ces derni\u00e8res.<\/p>\n\n\n\n<h2 class=\"wp-block-heading\">Traitement des donn\u00e9es<\/h2>\n\n\n\n<p>Nous traitons vos donn\u00e9es \u00e0 diverses fins dans le cadre de la communication avec vous. Il s'agit notamment de r\u00e9pondre aux demandes, de faire valoir vos droits et de vous contacter en cas de questions.<\/p>\n\n\n\n<h2 class=\"wp-block-heading\">Protection pour le transfert de donn\u00e9es<\/h2>\n\n\n\n<p>En raison de la structure technique de l'Internet en tant que r\u00e9seau ouvert, la transmission s\u00e9curis\u00e9e de vos donn\u00e9es ne peut \u00eatre garantie dans tous les cas. Si vous nous envoyez vos donn\u00e9es personnelles, vous le faites toujours \u00e0 vos propres risques. Nous prenons diverses mesures de s\u00e9curit\u00e9 organisationnelles et techniques conform\u00e9ment aux normes de s\u00e9curit\u00e9 en vigueur afin de garantir la protection de vos donn\u00e9es au sein de notre syst\u00e8me. Toute responsabilit\u00e9 de notre part pour les dommages que vous pourriez subir \u00e0 la suite de la perte ou de la manipulation de donn\u00e9es est fondamentalement exclue.<\/p>\n\n\n\n<h2 class=\"wp-block-heading\">Stockage des donn\u00e9es<\/h2>\n\n\n\n<p>Nous ne conservons vos donn\u00e9es que pendant la dur\u00e9e n\u00e9cessaire aux fins que nous avons indiqu\u00e9es ou tant que nous sommes l\u00e9galement ou contractuellement tenus de le faire.<\/p>\n\n\n<div class=\"wp-block-post-date__modified-date wp-block-post-date\"><time datetime=\"2025-05-23T14:15:14+02:00\">mai 23, 2025<\/time><\/div>","protected":false},"excerpt":{"rendered":"<p>Responsible body Pauline BuffleFFORAC\/o Swiss Philanthropy FoundationPlace de Cornavin 21201 Gen\u00e8ve Processed data We only store and process your personal data if you transmit it to us in the course of using services and tools (e.g. contact form). Purpose We process your data exclusively for the purposes that we communicated to you when collecting your [&hellip;]<\/p>\n","protected":false},"author":1,"featured_media":0,"parent":0,"menu_order":0,"comment_status":"closed","ping_status":"open","template":"","meta":{"_acf_changed":false,"slim_seo":{"title":"Privacy Policy - FFORA","description":"Responsible body Pauline Buffle FFORA C\/o Swiss Philanthropy Foundation Place de Cornavin 2 1201 Gen\u00e8ve Processed data We only store and process your personal d"},"_breakdance_hide_in_design_set":false,"_breakdance_tags":"","footnotes":""},"class_list":["post-3","page","type-page","status-publish","hentry"],"acf":[],"_links":{"self":[{"href":"https:\/\/ffora.org\/fr\/wp-json\/wp\/v2\/pages\/3","targetHints":{"allow":["GET"]}}],"collection":[{"href":"https:\/\/ffora.org\/fr\/wp-json\/wp\/v2\/pages"}],"about":[{"href":"https:\/\/ffora.org\/fr\/wp-json\/wp\/v2\/types\/page"}],"author":[{"embeddable":true,"href":"https:\/\/ffora.org\/fr\/wp-json\/wp\/v2\/users\/1"}],"replies":[{"embeddable":true,"href":"https:\/\/ffora.org\/fr\/wp-json\/wp\/v2\/comments?post=3"}],"version-history":[{"count":16,"href":"https:\/\/ffora.org\/fr\/wp-json\/wp\/v2\/pages\/3\/revisions"}],"predecessor-version":[{"id":498,"href":"https:\/\/ffora.org\/fr\/wp-json\/wp\/v2\/pages\/3\/revisions\/498"}],"wp:attachment":[{"href":"https:\/\/ffora.org\/fr\/wp-json\/wp\/v2\/media?parent=3"}],"curies":[{"name":"wp","href":"https:\/\/api.w.org\/{rel}","templated":true}]}}