{"id":543,"date":"2025-06-25T20:23:49","date_gmt":"2025-06-25T19:23:49","guid":{"rendered":"https:\/\/ffora.symforma.design\/?page_id=543"},"modified":"2026-04-01T12:00:52","modified_gmt":"2026-04-01T10:00:52","slug":"indigenous_trade_platform","status":"publish","type":"page","link":"https:\/\/ffora.org\/fr\/what-we-do\/indigenous_trade_platform\/","title":{"rendered":"Economie et commerce autochtones"},"content":{"rendered":"<figure class=\"wp-block-image size-large is-style-default\"><img loading=\"lazy\" decoding=\"async\" width=\"1024\" height=\"683\" src=\"https:\/\/ffora.org\/wp-content\/uploads\/2025\/10\/IMG_5840-1024x683.jpg\" alt=\"Indigenous leaders and economic actors in front of London buildings\" class=\"wp-image-843\" srcset=\"https:\/\/ffora.org\/wp-content\/uploads\/2025\/10\/IMG_5840-1024x683.jpg 1024w, https:\/\/ffora.org\/wp-content\/uploads\/2025\/10\/IMG_5840-300x200.jpg 300w, https:\/\/ffora.org\/wp-content\/uploads\/2025\/10\/IMG_5840-768x512.jpg 768w, https:\/\/ffora.org\/wp-content\/uploads\/2025\/10\/IMG_5840-1536x1024.jpg 1536w, https:\/\/ffora.org\/wp-content\/uploads\/2025\/10\/IMG_5840-2048x1365.jpg 2048w, https:\/\/ffora.org\/wp-content\/uploads\/2025\/10\/IMG_5840-18x12.jpg 18w\" sizes=\"auto, (max-width: 1024px) 100vw, 1024px\" \/><\/figure>\n\n\n\n<h2 class=\"wp-block-heading\">Que faisons-nous?<\/h2>\n\n\n\n<p>Avec <a href=\"https:\/\/www.linkedin.com\/in\/juan-jintiach-7270b55b\/\" title=\"\">l'Alliance Globale des Collectivit\u00e9s Territoriales<\/a> et <a href=\"https:\/\/www.winak.org\/\" target=\"_blank\" rel=\"noreferrer noopener\">Wi\u00f1ak<\/a> , nous soutenons le d\u00e9veloppement d'une plateforme pour le commerce d\u00e9di\u00e9e aux, et men\u00e9e par, les populations autochtones. Elle servira, entre autres, \u00e0 d\u00e9velopper et consolider des partenariats (au niveau national, r\u00e9gional et international) avec des Gouvernements, des entreprises et des investisseurs. L'objectif est de renforcer et de d\u00e9velopper \u00e0 plus grande \u00e9chelle les entreprises rurales autochtones.<\/p>\n\n\n\n<h2 class=\"wp-block-heading\">Pourquoi une plateforme commerciale?<\/h2>\n\n\n\n<p>Dans les territoires autochtones, l'agriculture traditionnelle ne repr\u00e9sente pas une v\u00e9ritable opportunit\u00e9 \u00e9conomique pour les femmes et les jeunes. Ceci, en raison de leur faible int\u00e9gration dans les march\u00e9s et des bas prix obtenus.  L'agriculture traditionnelle a pourtant un fort potentiel r\u00e9g\u00e9n\u00e9ratif. Il est donc n\u00e9cessaire de soutenir les associations \u00e9conomiques autochtones et les entreprises rurales dans les for\u00eats tropicales pour qu'elles se d\u00e9veloppent et se multiplient. Ceci peut cr\u00e9er davantage d'opportunit\u00e9s \u00e9conomiques tout en veillant \u00e0 ce que les territoires restent g\u00e9r\u00e9s de mani\u00e8re durable.<\/p>\n\n\n\n<h2 class=\"wp-block-heading\">Quelles seront ses fonctions?<\/h2>\n\n\n\n<p>Gr\u00e2ce \u00e0 des actions de sensibilisation et de plaidoyer \u00e0 l'\u00e9chelle locale et mondiale, elle contribuera \u00e0 l'\u00e9laboration de politiques, d'investissements et de march\u00e9s en accord direct avec les valeurs des peuples autochtones et leurs objectifs de conservation.&nbsp;<\/p>\n\n\n\n<p>La plateforme contribuera \u00e0 \u00e9tablir des partenariats avec le secteur priv\u00e9 autour d'entreprises et d'investissements tels que les entreprises de bio\u00e9conomie dirig\u00e9es et g\u00e9r\u00e9es par des autochtones, les partenariats de joint-venture, les cr\u00e9dits carbone et de biodiversit\u00e9, ainsi que les actions de responsabilit\u00e9 sociale des entreprises. Renforcer leur commerce soutiendra ainsi l'\u00e9conomie autochtone en renfor\u00e7ant leurs revenus et en cr\u00e9ant des emplois.&nbsp;<\/p>\n\n\n\n<p>Elle contribuera \u00e9galement \u00e0 l'\u00e9laboration d'accords \u00e0 long terme sur la propri\u00e9t\u00e9 intellectuelle (par exemple, sur les informations sur les s\u00e9quences num\u00e9riques (DSI)), l'\u00e9valuation des partenariats (par exemple, le respect du consentement libre, pr\u00e9alable et \u00e9clair\u00e9 (FPIC)) ainsi qu'un droit de regard sur l'extraction des ressources naturelles et min\u00e9rales.<\/p>\n\n\n\n<h2 class=\"wp-block-heading\"><\/h2>\n\n\n\n<div data-wp-interactive=\"core\/file\" class=\"wp-block-file\"><object data-wp-bind--hidden=\"!state.hasPdfPreview\" hidden class=\"wp-block-file__embed\" data=\"https:\/\/ffora.org\/wp-content\/uploads\/2026\/04\/LIBW-summary-report.pdf\" type=\"application\/pdf\" style=\"width:100%;height:600px\" aria-label=\"Contenu embarqu\u00e9 LIBW summary report.\"><\/object><a id=\"wp-block-file--media-d11faaaf-d688-4439-8625-bb45d815342c\" href=\"https:\/\/ffora.org\/wp-content\/uploads\/2026\/04\/LIBW-summary-report.pdf\">LIBW summary report<\/a><a href=\"https:\/\/ffora.org\/wp-content\/uploads\/2026\/04\/LIBW-summary-report.pdf\" class=\"wp-block-file__button wp-element-button\" download aria-describedby=\"wp-block-file--media-d11faaaf-d688-4439-8625-bb45d815342c\">T\u00e9l\u00e9charger<\/a><\/div>\n\n\n\n<p><\/p>","protected":false},"excerpt":{"rendered":"<p>What are we doing? With&nbsp;the Global Alliance of Territorial Communities and Wi\u00f1ak we are supporting the development of an Indigenous Peoples-led mechanism designed to build local, national and global partnerships with governments, businesses and investors to strengthen and scale up Indigenous Peoples-led rural enterprises, investments and initiatives. Why an Indigenous-led trade platform? In Indigenous territories, [&hellip;]<\/p>\n","protected":false},"author":1,"featured_media":841,"parent":19,"menu_order":0,"comment_status":"closed","ping_status":"closed","template":"","meta":{"_acf_changed":false,"slim_seo":{"title":"Indigenous-led economy and trade platform - FFORA","description":"What are we doing? With&nbsp;the Global Alliance of Territorial Communities and Wi\u00f1ak we are supporting the development of an Indigenous Peoples-led mechanism d"},"_breakdance_hide_in_design_set":false,"_breakdance_tags":"","footnotes":""},"class_list":["post-543","page","type-page","status-publish","has-post-thumbnail","hentry"],"acf":[],"_links":{"self":[{"href":"https:\/\/ffora.org\/fr\/wp-json\/wp\/v2\/pages\/543","targetHints":{"allow":["GET"]}}],"collection":[{"href":"https:\/\/ffora.org\/fr\/wp-json\/wp\/v2\/pages"}],"about":[{"href":"https:\/\/ffora.org\/fr\/wp-json\/wp\/v2\/types\/page"}],"author":[{"embeddable":true,"href":"https:\/\/ffora.org\/fr\/wp-json\/wp\/v2\/users\/1"}],"replies":[{"embeddable":true,"href":"https:\/\/ffora.org\/fr\/wp-json\/wp\/v2\/comments?post=543"}],"version-history":[{"count":13,"href":"https:\/\/ffora.org\/fr\/wp-json\/wp\/v2\/pages\/543\/revisions"}],"predecessor-version":[{"id":1006,"href":"https:\/\/ffora.org\/fr\/wp-json\/wp\/v2\/pages\/543\/revisions\/1006"}],"up":[{"embeddable":true,"href":"https:\/\/ffora.org\/fr\/wp-json\/wp\/v2\/pages\/19"}],"wp:featuredmedia":[{"embeddable":true,"href":"https:\/\/ffora.org\/fr\/wp-json\/wp\/v2\/media\/841"}],"wp:attachment":[{"href":"https:\/\/ffora.org\/fr\/wp-json\/wp\/v2\/media?parent=543"}],"curies":[{"name":"wp","href":"https:\/\/api.w.org\/{rel}","templated":true}]}}