{"id":702,"date":"2025-07-24T15:50:53","date_gmt":"2025-07-24T13:50:53","guid":{"rendered":"https:\/\/ffora.org\/?page_id=702"},"modified":"2026-02-07T17:42:16","modified_gmt":"2026-02-07T15:42:16","slug":"farmers-seeds-resilience-in-cambodia","status":"publish","type":"page","link":"https:\/\/ffora.org\/fr\/what-we-do\/farmers-seeds-resilience-in-cambodia\/","title":{"rendered":"Semences paysannes au Cambodge"},"content":{"rendered":"<h1 class=\"wp-block-heading\">Semences paysannes: promotion du riz local au Cambodge<\/h1>\n\n\n<div class=\"wp-block-image is-style-default\">\n<figure class=\"aligncenter size-large is-resized\"><img loading=\"lazy\" decoding=\"async\" width=\"1024\" height=\"913\" src=\"https:\/\/ffora.org\/wp-content\/uploads\/2025\/10\/IMG_6628-e1764838817387-1024x913.jpeg\" alt=\"Woman farmer seed production in front of her field in Cambodia\" class=\"wp-image-838\" style=\"width:500px\" srcset=\"https:\/\/ffora.org\/wp-content\/uploads\/2025\/10\/IMG_6628-e1764838817387-1024x913.jpeg 1024w, https:\/\/ffora.org\/wp-content\/uploads\/2025\/10\/IMG_6628-e1764838817387-300x268.jpeg 300w, https:\/\/ffora.org\/wp-content\/uploads\/2025\/10\/IMG_6628-e1764838817387-768x685.jpeg 768w, https:\/\/ffora.org\/wp-content\/uploads\/2025\/10\/IMG_6628-e1764838817387-13x12.jpeg 13w, https:\/\/ffora.org\/wp-content\/uploads\/2025\/10\/IMG_6628-e1764838817387.jpeg 1536w\" sizes=\"auto, (max-width: 1024px) 100vw, 1024px\" \/><\/figure>\n<\/div>\n\n\n<h2 class=\"wp-block-heading\"><strong>Contexte<\/strong><\/h2>\n\n\n\n<p>La production de riz au Cambodge fait face \u00e0 plusieurs d\u00e9fis qui menacent directement le revenu des petits exploitants et l'environnement. La course \u00e0 la productivit\u00e9 a men\u00e9 \u00e0 une large adoption de semences de riz modernes et non locales au d\u00e9triment de semences traditionnelles qui ont une meilleure tol\u00e9rance \u00e0 la s\u00e9cheresse, de meilleures qualit\u00e9s nutritionnelles et m\u00eame une meilleure saveur.<\/p>\n\n\n\n<p>Il est estim\u00e9 que cette focalisation sur la productivit\u00e9 ont men\u00e9 \u00e0 la perte de 75% des vari\u00e9t\u00e9s traditionnelles du Cambodge qui poss\u00e8dent des caract\u00e9ristiques uniques et de grande valeur.<\/p>\n\n\n\n<p>A travers cette initiative, nous soutenons le travail de coop\u00e9ratives de semences de riz comme Camseed  et des organisations paysannes qui travaillent \u00e0 la r\u00e9habilitation de ces semences traditionnelles.<\/p>\n\n\n\n<h2 class=\"wp-block-heading\"><strong><strong>L'initiative<\/strong><\/strong><\/h2>\n\n\n\n<p>Afin de promouvoir les vari\u00e9t\u00e9s traditionnelles, il est imp\u00e9ratif de renforcer les capacit\u00e9s organisationnelles des coop\u00e9ratives productrices de semences et des organisations paysannes. En travaillant sur la connaissance des esp\u00e8ces, la formation et les structures des coop\u00e9ratives, les petits producteurs seront dans une meilleure disposition pour produire ces vari\u00e9t\u00e9s et les int\u00e9grer dans leurs parcelles.<\/p>\n\n\n\n<p>Cette initiative se concentre sur deux axes: l'augmentation de la production mais aussi de la demande de ces vari\u00e9t\u00e9s. La coop\u00e9rative Camseed va commence par augmenter leur production de 3 esp\u00e8ces traditionnelles en soutenant 360 producteurs. Ces producteurs \u00e0 leur tours fourniront les semences \u00e0 environ 10'000 producteurs tr\u00e8s vuln\u00e9rables. Une organisation paysanne nationale, Farmer Nature Network, va de son c\u00f4t\u00e9 promouvoir les esp\u00e8ces traditionnelles dans des foires commerciales et directement avec certaines entreprises.<\/p>\n\n\n\n<h2 class=\"wp-block-heading\"><strong>Les organisations paysannes impliqu\u00e9es<\/strong><\/h2>\n\n\n\n<p>FFORA soutient l'Organisation des Paysans d'Asie pour un d\u00e9veloppement rural durable (AFA) qui repr\u00e9sente 12 millions de petits producteurs \u00e0 travers 16 pays d'Asie.<br>AFA de son c\u00f4t\u00e9 soutient un de leur membre au Cambodge, Farmer Nature Network qui \u00e0 son tour collabore directement avec un de ses membres, Camseed.<\/p>\n\n\n\n<p>AFA va aussi organiser des visites d'organisations paysannes du Laos qui s'int\u00e9ressent aux coop\u00e9ratives de semences et pourront b\u00e9n\u00e9ficier de l'exp\u00e9rience de Camseed.<br>AFA va \u00e9galement organiser des \u00e9changes avec des organisations de producteurs de riz du Timor Leste, des Philippines, d'Indon\u00e9sie, du Laos, de  Malaysie et du Myanmar.<\/p>","protected":false},"excerpt":{"rendered":"<p>Farmers seeds resilience: boosting local rice seed systems Context Cambodia\u2019s rice production faces numerous challenges that threaten both its sustainability and the livelihoods of farmers. The drive for higher yields has led to the widespread use of modern rice varieties that are designed primarily for productivity, often at the expense of other important traits such [&hellip;]<\/p>\n","protected":false},"author":2,"featured_media":0,"parent":19,"menu_order":0,"comment_status":"closed","ping_status":"closed","template":"","meta":{"_acf_changed":false,"slim_seo":{"title":"Farmers seeds Cambodia","description":"Farmers seeds resilience: boosting local rice seed systems Context Cambodia\u2019s rice production faces numerous challenges that threaten both its sustainability an"},"_breakdance_hide_in_design_set":false,"_breakdance_tags":"","footnotes":""},"class_list":["post-702","page","type-page","status-publish","hentry"],"acf":[],"_links":{"self":[{"href":"https:\/\/ffora.org\/fr\/wp-json\/wp\/v2\/pages\/702","targetHints":{"allow":["GET"]}}],"collection":[{"href":"https:\/\/ffora.org\/fr\/wp-json\/wp\/v2\/pages"}],"about":[{"href":"https:\/\/ffora.org\/fr\/wp-json\/wp\/v2\/types\/page"}],"author":[{"embeddable":true,"href":"https:\/\/ffora.org\/fr\/wp-json\/wp\/v2\/users\/2"}],"replies":[{"embeddable":true,"href":"https:\/\/ffora.org\/fr\/wp-json\/wp\/v2\/comments?post=702"}],"version-history":[{"count":21,"href":"https:\/\/ffora.org\/fr\/wp-json\/wp\/v2\/pages\/702\/revisions"}],"predecessor-version":[{"id":946,"href":"https:\/\/ffora.org\/fr\/wp-json\/wp\/v2\/pages\/702\/revisions\/946"}],"up":[{"embeddable":true,"href":"https:\/\/ffora.org\/fr\/wp-json\/wp\/v2\/pages\/19"}],"wp:attachment":[{"href":"https:\/\/ffora.org\/fr\/wp-json\/wp\/v2\/media?parent=702"}],"curies":[{"name":"wp","href":"https:\/\/api.w.org\/{rel}","templated":true}]}}