{"id":726,"date":"2025-09-01T10:47:41","date_gmt":"2025-09-01T08:47:41","guid":{"rendered":"https:\/\/ffora.org\/?page_id=726"},"modified":"2026-04-01T14:04:41","modified_gmt":"2026-04-01T12:04:41","slug":"enhancing-farmers-organisations-recognition-capacity-and-engagement-force","status":"publish","type":"page","link":"https:\/\/ffora.org\/fr\/enhancing-farmers-organisations-recognition-capacity-and-engagement-force\/","title":{"rendered":"Meilleure reconnaissance des organisations paysannes"},"content":{"rendered":"<section class=\"bde-section-726-100 bde-section\">\n  \n  \n\t\n\n\n\n<div class=\"section-container\"><h1 class=\"bde-heading-726-102 bde-heading\">\nPour un meilleur engagement des organisations paysannes<p>\n<\/h1><img decoding=\"async\" class=\"bde-image2-726-125 bde-image2\" src=\"https:\/\/ffora.org\/wp-content\/uploads\/2025\/08\/IMG_2685-scaled.jpg\" alt=\"Farmers leaders and supporters cheering at a meeting to illustrate the FFCA campaign\" loading=\"lazy\" srcset=\"https:\/\/ffora.org\/wp-content\/uploads\/2025\/08\/IMG_2685-scaled.jpg 2560w, https:\/\/ffora.org\/wp-content\/uploads\/2025\/08\/IMG_2685-300x200.jpg 300w, https:\/\/ffora.org\/wp-content\/uploads\/2025\/08\/IMG_2685-1024x683.jpg 1024w, https:\/\/ffora.org\/wp-content\/uploads\/2025\/08\/IMG_2685-768x512.jpg 768w, https:\/\/ffora.org\/wp-content\/uploads\/2025\/08\/IMG_2685-1536x1024.jpg 1536w, https:\/\/ffora.org\/wp-content\/uploads\/2025\/08\/IMG_2685-2048x1365.jpg 2048w, https:\/\/ffora.org\/wp-content\/uploads\/2025\/08\/IMG_2685-18x12.jpg 18w\" sizes=\"(max-width: 2560px) 100vw, 2560px\"><div class=\"bde-rich-text-726-112 bde-rich-text breakdance-rich-text-styles\">\n<h3>\u00a0<\/h3>\n<h3><strong>Renforcer le mouvement paysan pour un impact international<\/strong><\/h3>\n<p>FFORA s'engage \u00e0 amplifier une voix commune aux petits producteurs et \u00e0 renforcer leur influence sur la sc\u00e8ne internationale.<\/p>\n<p>Nous encourageons les organisations paysannes de petits producteurs \u00e0 s'organiser, \u00e0 mener et \u00e0 influencer les politiques nationales, r\u00e9gionales et internationales sur les th\u00e8mes tels que le climat, les questions fonci\u00e8res, le financement, la biodiversit\u00e9 ou l'agro\u00e9cologie, selon leurs propres priorit\u00e9s.<\/p>\n<p>Nous apportons un soutien strat\u00e9gique visant \u00e0 d\u00e9velopper les connaissances, les donn\u00e9es factuelles et les outils de communication, ainsi qu'\u00e0 renforcer les comp\u00e9tences des agriculteurs afin qu'ils puissent exercer une plus grande influence. Dans le cadre de ce travail, FFORA assure la coordination strat\u00e9gique de l'initiative <a href=\"https:\/\/familyfarmersclimateaction.org\/fr\">Agriculture Familiale pour l'Action Climatique<\/a> men\u00e9e par 9 organisations paysannes r\u00e9gionales et 2 internationales.\u00a0\u00a0<\/p>\n<p>Les membres de la campagne Agriculture Familiale pour l'Action Climatique sont:<\/p>\n<ul>\n<li><a href=\"https:\/\/www.linkedin.com\/in\/esther-penunia-676987340\/\">Asian Farmers Association for sustainable rural development (AFA)<\/a>,<\/li>\n<li><a href=\"https:\/\/coprofam.org\/\">Confederaci\u00f3n de Organizaciones de Productores Familiares del Mercosur Ampliado (COPROFAM)<\/a> (COPROFAM),<\/li>\n<li><a href=\"https:\/\/www.eaffu.org\/\">F\u00e9d\u00e9ration des agriculteurs d'Afrique de l'Est<\/a> (EAFF),<\/li>\n<li><a href=\"https:\/\/www.esaff.org\/\">Eastern and Southern Africa Small-Scale Farmers Forum\u00a0<\/a> (ESAFF),<\/li>\n<li><a href=\"https:\/\/pacificfarmers.com\/\">Pacific Farmer Organisations<\/a> (PFO),<\/li>\n<li><a href=\"https:\/\/pafo-africa.org\/en\/home\/\">Pan African Farmers Organisations<\/a> (PAFO),<\/li>\n<li><a href=\"https:\/\/www.infopropac.org\/\">Plateforme R\u00e9gionale des Organisations Paysannes d'Afrique Centrale<\/a> (PROPAC),\u00a0<\/li>\n<li><a href=\"https:\/\/www.roppa-afrique.org\/\">R\u00e9seau des organisations paysannes et de producteurs de l\u2019Afrique de l\u2019Ouest (ROPPA)<\/a> (ROPPA), \u00a0<\/li>\n<li><a href=\"https:\/\/umnagri.net\/\">Union Maghr\u00e9bine et Nord Africaine des Agriculteurs<\/a> (UMNAGRI)<\/li>\n<li><a href=\"https:\/\/inofo.bio\/\"> Intercontinental Network of Organic Farmer Organisations<\/a> (INOFO), and the<\/li>\n<li><a href=\"https:\/\/www.ruralforum.org\/\">Forum Rural Mondial<\/a> (WRF).<\/li>\n<\/ul>\n<h3>Un mouvement fort pour un changement durable.<\/h3>\n<p>En 2025 et 2026, nous avons r\u00e9uni les membres de la FFCA lors de r\u00e9unions intitul\u00e9es \u00ab Renforcer la reconnaissance, les capacit\u00e9s et l'engagement des organisations d'agriculteurs (FORCE) \u00bb en Tanzanie et aux Philippines afin de faire avancer leur campagne et de pr\u00e9parer un dialogue inclusif avec les acteurs du financement climatique, en explorant les moyens d'am\u00e9liorer l'acc\u00e8s direct des initiatives men\u00e9es par les agriculteurs.<\/p>\n<p>Ces rencontres exceptionnelles ont aid\u00e9 les dirigeants agricoles \u00e0 affiner leur message concernant leur proposition de valeur unique et leurs revendications en mati\u00e8re de r\u00e9formes politiques et financi\u00e8res. Ils ont \u00e9galement convenu de cr\u00e9er un fonds de r\u00e9silience et d'autonomisation \u00e0 long terme, pilot\u00e9 par les organisations paysannes, et se sont engag\u00e9s \u00e0 le mettre en place.\u00a0<\/p>\n<p>Le processus de cr\u00e9ation de leur propre fonds s'est appuy\u00e9 sur un <a href=\"https:\/\/ffora.org\/wp-content\/uploads\/2024\/11\/FORCE-meeting-_-Background-paper.pdf\">document de r\u00e9f\u00e9rence<\/a> consacr\u00e9 au financement climatique, \u00e9labor\u00e9 par la FFORA. S'appuyant sur l'analyse de divers fonds climatiques mondiaux, ce document offre une vue d'ensemble des \u00e9cosyst\u00e8mes de financement climatique, des cadres de gouvernance et des processus susceptibles d'aider les organisations d'agriculteurs \u00e0 \u00e9laborer des strat\u00e9gies pour cr\u00e9er et acc\u00e9der, aux niveaux national, r\u00e9gional et mondial, \u00e0 des fonds souples et adapt\u00e9s \u00e0 leurs besoins.\u00a0<\/p>\n<p>\u00a0<\/p>\n<\/div><div class=\"bde-gallery-726-126 bde-gallery\">\n\n\n  \n\n\n\n\n\n\n\n  \n\n  <div class=\"ee-gallery-swiper breakdance-swiper-wrapper\" data-swiper-id=\"126\">\n    <div class=\"swiper\">\n\n<div class=\"ee-gallery ee-gallery--gallery-slider ee-gallery--slider ee-gallery--single ee-gallery--lightbox ee-gallery-- ee-gallery--caption-bottom ee-gallery--caption-none ee-gallery--ratio swiper-wrapper\">\n                  \n      <a class=\"ee-gallery-item ee-gallery-item--image ee-gallery-item--single swiper-slide\" href=\"https:\/\/ffora.org\/wp-content\/uploads\/2026\/03\/FORCE2.0_AFA\u00a9P.Buffle-scaled.jpg\"  data-sub-html=\"<span><\/span>\" data-category=\"1\"                  data-lg-size=\"2560-1707\"\n\n      >\n        <figure class=\"ee-gallery-item-figure\">\n                        <img decoding=\"async\" class=\"breakdance-image-object\" src=\"https:\/\/ffora.org\/wp-content\/uploads\/2026\/03\/FORCE2.0_AFA\u00a9P.Buffle-1024x683.jpg\" width=\"1024\" height=\"683\" alt=\"Force2.0 afa\u00a9p.buffle\" loading=\"lazy\">\n          \n                  <\/figure>\n      <\/a>\n\n                \n      <a class=\"ee-gallery-item ee-gallery-item--image ee-gallery-item--single swiper-slide\" href=\"https:\/\/ffora.org\/wp-content\/uploads\/2026\/03\/FORCE2.0_EAFF-\u00a9P.Buffle-scaled.jpg\"  data-sub-html=\"<span><\/span>\" data-category=\"1\"                  data-lg-size=\"2560-1708\"\n\n      >\n        <figure class=\"ee-gallery-item-figure\">\n                        <img decoding=\"async\" class=\"breakdance-image-object\" src=\"https:\/\/ffora.org\/wp-content\/uploads\/2026\/03\/FORCE2.0_EAFF-\u00a9P.Buffle-1024x683.jpg\" width=\"1024\" height=\"683\" alt=\"Force2.0 eaff \u00a9p.buffle\" loading=\"lazy\">\n          \n                  <\/figure>\n      <\/a>\n\n                \n      <a class=\"ee-gallery-item ee-gallery-item--image ee-gallery-item--single swiper-slide\" href=\"https:\/\/ffora.org\/wp-content\/uploads\/2026\/03\/FORCE2.0_COPROFAM\u00a9P.Buffle-scaled.jpg\"  data-sub-html=\"<span><\/span>\" data-category=\"1\"                  data-lg-size=\"2560-1751\"\n\n      >\n        <figure class=\"ee-gallery-item-figure\">\n                        <img decoding=\"async\" class=\"breakdance-image-object\" src=\"https:\/\/ffora.org\/wp-content\/uploads\/2026\/03\/FORCE2.0_COPROFAM\u00a9P.Buffle-1024x700.jpg\" width=\"1024\" height=\"700\" alt=\"Force2.0 coprofam\u00a9p.buffle\" loading=\"lazy\">\n          \n                  <\/figure>\n      <\/a>\n\n                \n      <a class=\"ee-gallery-item ee-gallery-item--image ee-gallery-item--single swiper-slide\" href=\"https:\/\/ffora.org\/wp-content\/uploads\/2026\/03\/FORCE2.0_UMNAGRI\u00a9P.Buffle-scaled.jpg\"  data-sub-html=\"<span><\/span>\" data-category=\"1\"                  data-lg-size=\"2560-1707\"\n\n      >\n        <figure class=\"ee-gallery-item-figure\">\n                        <img decoding=\"async\" class=\"breakdance-image-object\" src=\"https:\/\/ffora.org\/wp-content\/uploads\/2026\/03\/FORCE2.0_UMNAGRI\u00a9P.Buffle-1024x683.jpg\" width=\"1024\" height=\"683\" alt=\"Force2.0 umnagri\u00a9p.buffle\" loading=\"lazy\">\n          \n                  <\/figure>\n      <\/a>\n\n                \n      <a class=\"ee-gallery-item ee-gallery-item--image ee-gallery-item--single swiper-slide\" href=\"https:\/\/ffora.org\/wp-content\/uploads\/2026\/03\/FORCE2.0_\u00a9P.Buffle-76-scaled.jpg\"  data-sub-html=\"<span><\/span>\" data-category=\"1\"                  data-lg-size=\"2560-1707\"\n\n      >\n        <figure class=\"ee-gallery-item-figure\">\n                        <img decoding=\"async\" class=\"breakdance-image-object\" src=\"https:\/\/ffora.org\/wp-content\/uploads\/2026\/03\/FORCE2.0_\u00a9P.Buffle-76-1024x683.jpg\" width=\"1024\" height=\"683\" alt=\"Force2.0 \u00a9p.buffle (76)\" loading=\"lazy\">\n          \n                  <\/figure>\n      <\/a>\n\n                \n      <a class=\"ee-gallery-item ee-gallery-item--image ee-gallery-item--single swiper-slide\" href=\"https:\/\/ffora.org\/wp-content\/uploads\/2026\/03\/FORCE2.0_WRF\u00a9P.Buffle-scaled.jpg\"  data-sub-html=\"<span><\/span>\" data-category=\"1\"                  data-lg-size=\"2560-1726\"\n\n      >\n        <figure class=\"ee-gallery-item-figure\">\n                        <img decoding=\"async\" class=\"breakdance-image-object\" src=\"https:\/\/ffora.org\/wp-content\/uploads\/2026\/03\/FORCE2.0_WRF\u00a9P.Buffle-1024x690.jpg\" width=\"1024\" height=\"690\" alt=\"Force2.0 wrf\u00a9p.buffle\" loading=\"lazy\">\n          \n                  <\/figure>\n      <\/a>\n\n                \n      <a class=\"ee-gallery-item ee-gallery-item--image ee-gallery-item--single swiper-slide\" href=\"https:\/\/ffora.org\/wp-content\/uploads\/2026\/03\/FORCE2.0_PFO-\u00a9P.Buffle-40-scaled-e1774966381592.jpg\"  data-sub-html=\"<span><\/span>\" data-category=\"1\"                  data-lg-size=\"1967-1690\"\n\n      >\n        <figure class=\"ee-gallery-item-figure\">\n                        <img decoding=\"async\" class=\"breakdance-image-object\" src=\"https:\/\/ffora.org\/wp-content\/uploads\/2026\/03\/FORCE2.0_PFO-\u00a9P.Buffle-40-scaled-e1774966381592-1024x880.jpg\" width=\"1024\" height=\"880\" alt=\"Force2.0 pfo \u00a9p.buffle (40)\" loading=\"lazy\">\n          \n                  <\/figure>\n      <\/a>\n\n                \n      <a class=\"ee-gallery-item ee-gallery-item--image ee-gallery-item--single swiper-slide\" href=\"https:\/\/ffora.org\/wp-content\/uploads\/2026\/03\/FORCE2.0_ROPPA\u00a9P.Buffle-scaled-e1774966305179.jpg\"  data-sub-html=\"<span><\/span>\" data-category=\"1\"                  data-lg-size=\"1898-1596\"\n\n      >\n        <figure class=\"ee-gallery-item-figure\">\n                        <img decoding=\"async\" class=\"breakdance-image-object\" src=\"https:\/\/ffora.org\/wp-content\/uploads\/2026\/03\/FORCE2.0_ROPPA\u00a9P.Buffle-scaled-e1774966305179-1024x861.jpg\" width=\"1024\" height=\"861\" alt=\"Force2.0 roppa\u00a9p.buffle\" loading=\"lazy\">\n          \n                  <\/figure>\n      <\/a>\n\n                \n      <a class=\"ee-gallery-item ee-gallery-item--image ee-gallery-item--single swiper-slide\" href=\"https:\/\/ffora.org\/wp-content\/uploads\/2026\/03\/FORCE2.0_PAFO\u00a9P.Buffle-scaled-e1774966343531.jpg\"  data-sub-html=\"<span><\/span>\" data-category=\"1\"                  data-lg-size=\"1660-1553\"\n\n      >\n        <figure class=\"ee-gallery-item-figure\">\n                        <img decoding=\"async\" class=\"breakdance-image-object\" src=\"https:\/\/ffora.org\/wp-content\/uploads\/2026\/03\/FORCE2.0_PAFO\u00a9P.Buffle-scaled-e1774966343531-1024x958.jpg\" width=\"1024\" height=\"958\" alt=\"Force2.0 pafo\u00a9p.buffle\" loading=\"lazy\">\n          \n                  <\/figure>\n      <\/a>\n\n                \n      <a class=\"ee-gallery-item ee-gallery-item--image ee-gallery-item--single swiper-slide\" href=\"https:\/\/ffora.org\/wp-content\/uploads\/2026\/03\/FORCE2.0_INOFO\u00a9P.Buffle-scaled-e1774966427271.jpg\"  data-sub-html=\"<span><\/span>\" data-category=\"1\"                  data-lg-size=\"1900-1702\"\n\n      >\n        <figure class=\"ee-gallery-item-figure\">\n                        <img decoding=\"async\" class=\"breakdance-image-object\" src=\"https:\/\/ffora.org\/wp-content\/uploads\/2026\/03\/FORCE2.0_INOFO\u00a9P.Buffle-scaled-e1774966427271-1024x917.jpg\" width=\"1024\" height=\"917\" alt=\"Force2.0 inofo\u00a9p.buffle\" loading=\"lazy\">\n          \n                  <\/figure>\n      <\/a>\n\n      \n  <\/div>\n\n    <\/div>\n                <div class=\"swiper-button-prev\">\n            \n        <\/div>\n        <div class=\"swiper-button-next\">\n            \n        <\/div>\n    \n            <div class=\"swiper-pagination\"><\/div>\n    \n  <\/div>\n\n\n<\/div><\/div>\n<\/section>","protected":false},"excerpt":{"rendered":"<p>Enhancing Farmers Organisations\u2019 Recognition, Capacity and Engagement \u00a0 Strengthening farmer-led movements for global impact. We are committed to amplify farmers\u2019 collective voice and strengthen their influence on the global stage. FFORA helps smallholder farmers\u2019 organisations organise, lead, and influence global, regional and national policies and legislation, around climate change and related issues such as access [&hellip;]<\/p>\n","protected":false},"author":2,"featured_media":0,"parent":0,"menu_order":0,"comment_status":"closed","ping_status":"closed","template":"","meta":{"_acf_changed":false,"slim_seo":{"title":"Enhancing recognition and engagement - FFORA","description":"Enhancing Farmers Organisations\u2019 Recognition, Capacity and Engagement \u00a0 Strengthening farmer-led movements for global impact. We are committed to amplify farmer"},"_breakdance_hide_in_design_set":false,"_breakdance_tags":"","footnotes":""},"class_list":["post-726","page","type-page","status-publish","hentry"],"acf":[],"_links":{"self":[{"href":"https:\/\/ffora.org\/fr\/wp-json\/wp\/v2\/pages\/726","targetHints":{"allow":["GET"]}}],"collection":[{"href":"https:\/\/ffora.org\/fr\/wp-json\/wp\/v2\/pages"}],"about":[{"href":"https:\/\/ffora.org\/fr\/wp-json\/wp\/v2\/types\/page"}],"author":[{"embeddable":true,"href":"https:\/\/ffora.org\/fr\/wp-json\/wp\/v2\/users\/2"}],"replies":[{"embeddable":true,"href":"https:\/\/ffora.org\/fr\/wp-json\/wp\/v2\/comments?post=726"}],"version-history":[{"count":32,"href":"https:\/\/ffora.org\/fr\/wp-json\/wp\/v2\/pages\/726\/revisions"}],"predecessor-version":[{"id":1010,"href":"https:\/\/ffora.org\/fr\/wp-json\/wp\/v2\/pages\/726\/revisions\/1010"}],"wp:attachment":[{"href":"https:\/\/ffora.org\/fr\/wp-json\/wp\/v2\/media?parent=726"}],"curies":[{"name":"wp","href":"https:\/\/api.w.org\/{rel}","templated":true}]}}